{"id":590,"date":"2018-11-11T17:59:56","date_gmt":"2018-11-11T16:59:56","guid":{"rendered":"https:\/\/commonspolis.org\/?page_id=590"},"modified":"2021-05-10T18:08:40","modified_gmt":"2021-05-10T16:08:40","slug":"qui-sommes-nous","status":"publish","type":"page","link":"https:\/\/commonspolis.org\/fr\/qui-sommes-nous\/","title":{"rendered":"Qui sommes-nous?"},"content":{"rendered":"<div class=\"wpb-content-wrapper\"><p>[vc_row][vc_column][vc_single_image image=\u00a0\u00bb1768&Prime; img_size=\u00a0\u00bblarge\u00a0\u00bb alignment=\u00a0\u00bbcenter\u00a0\u00bb][\/vc_column][\/vc_row][vc_row][vc_column][vc_column_text]<\/p>\n<h3>Qui sommes-nous ?<br \/>\nNous sommes le r\u00e9sultat et la synth\u00e8se de notre \u00e9poque : un think-do tank au service des r\u00e9seaux et cultures pour le changement<\/h3>\n<p>CommonsPolis na\u00eet de l\u2019interconnexion de trajectoires personnelles et de parcours collectifs et particuliers dans une \u00e9poque marqu\u00e9e par la mont\u00e9e des luttes citoyennes de r\u00e9sistance. R\u00e9sistances qui ont marqu\u00e9 la volont\u00e9 de repenser sur de nouveaux socles les relations des citoyens avec la d\u00e9mocratie, le pouvoir et la politique.<\/p>\n<p>Luttes de r\u00e9sistance et d\u2019espoir symbolis\u00e9es par les printemps arabes et leurs exigences d\u00e9mocratiques (Tunisie 2007), les luttes des \u00e9tudiants et pingouins chiliens pour la justice et la gratuit\u00e9 \u00e9ducative (2006), les Occupy Wall Street contre l\u2019in\u00e9galit\u00e9 sociale et \u00e9conomique globale, ainsi que l\u2019extraordinaire laboratoire social et politique qu\u2019a repr\u00e9sent\u00e9 apr\u00e8s l\u2019essor de la mobilisation du 15 M, les victoires municipalistes de 2015 obtenues au sein de l\u2019Etat espagnol. Depuis lors, le municipalisme comme alternative se concr\u00e9tise comme un pari pour g\u00e9rer les territoires avec et pour ses habitants, cr\u00e9er des politiques publiques en faveur des majorit\u00e9s et du bien commun et de r\u00e9pondre de cette mani\u00e8re aux d\u00e9fis de la transition (syst\u00e9mique, sociale et environnementale).<\/p>\n<p>Le projet de construire CommonsPolis s\u2019est concr\u00e9tis\u00e9 en 2016 afin de cr\u00e9er un espace ind\u00e9pendant de toute structure politique, un instrument autonome au service du renforcement du municipalisme qui puisse contribuer \u00e0 l\u2019interconnexion des acteurs et des processus impliqu\u00e9s avec le changement global de nos soci\u00e9t\u00e9s (plateformes municipalistes, commoners, acteurs de la transition) ainsi que de la mise en commun des diff\u00e9rentes dimensions de ce changement. Nous avons souhait\u00e9 d\u00e8s le d\u00e9but doter CommonsPolis d\u2019un espace propre de renforcement personnel et collectif, d\u2019ouverture critique et d\u2019\u00e9change d\u2019id\u00e9es et de visions, pour pouvoir nous projeter sans obstacles ni d\u00e9pendances \u00e0 partir de soins et de confiances construites.<\/p>\n<h3>Des d\u00e9fis qui sont encore \u00e9normes<\/h3>\n<p>Les d\u00e9fis sont li\u00e9s au politique et \u00e0 notre capacit\u00e9 de r\u00e9pondre aux d\u00e9fis urgents tels que\u00a0: contribuer au changement social et politique\u00a0; consolider les victoires municipalistes certes fragiles mais d\u00e9j\u00e0 l\u00e0 et celles qui arriveront bient\u00f4t (dans l\u2019Etat espagnol, en France, en Belgique, en Europe et dans le monde) et d\u00e9fendre les avanc\u00e9es ainsi que les territoires contest\u00e9s \u00e0 l\u2019assaut n\u00e9olib\u00e9ral de marchandisation de la vie, de la r\u00e9jouissance consum\u00e9riste, du gaspillage et du vol, du court-terme, de la r\u00e9signation et de l\u2019ignorance.<\/p>\n<p>Ils sont li\u00e9s au besoin de concr\u00e9tiser des alternatives qui nous permettent de nous adapter au changement climatique et \u00e0 l\u2019effondrement g\u00e9n\u00e9ralis\u00e9 qui se ressent d\u00e9j\u00e0 (perte irr\u00e9cup\u00e9rable de la biodiversit\u00e9, vuln\u00e9rabilit\u00e9 totale de nos \u00e9cosyst\u00e8mes, pillage et destruction de nos ressources naturelles, pic p\u00e9trolier, n\u00e9gation violente et autocratique des droits les plus essentiels, \u2026).<\/p>\n<p>Ils sont li\u00e9s au culturel, \u00e0 notre capacit\u00e9 de nous transformer et de cr\u00e9er les r\u00e9cits et les formes diverses pour exprimer ces changements et ces urgences. Nous sentons que la culture et l\u2019art nous aident \u00e0 donner du sens \u00e0 qui nous sommes dans ce monde.<\/p>\n<p>Ils sont li\u00e9s \u00e0 notre volont\u00e9 de nous transformer nous m\u00eames en m\u00eame temps que nous souhaitons transformer et am\u00e9liorer notre environnement, nos structures et nos institutions.<\/p>\n<p>Enfin, ils sont li\u00e9s aux postures, \u00e0 des positionnements, du travail sur soi, des impressions. Car on ne peut plus continuer \u00e0 penser que le plan politique implique d\u2019omettre les \u00e9motions mais au contraire construire justement \u00e0 partir de ces derni\u00e8res pour ancrer les soins.<br \/>\nEt finalement, ces d\u00e9fis sont li\u00e9s \u00e0 l\u2019invention de nouvelles m\u00e9thodes, de nouvelles fa\u00e7ons de nous \u00e9couter, de partager et de collaborer, de construire la communaut\u00e9.<\/p>\n<h3>L&rsquo;organisation<\/h3>\n<p>Propuls\u00e9 par cette soif, en 2018, CommonsPolis s\u2019est dot\u00e9 d\u2019une structure juridique propre sous la forme associative et a choisit pour si\u00e8ge Castielfabib, un village de 300 habitants dans les montagnes de Ademuz (Valence). Nous sommes unis \u00e0 Castielfabib par une histoire de complicit\u00e9s avec ses habitants et par le grand d\u00e9fi de contribuer \u00e0 la redynamisation du territoire rural, acteur central dans la construction de la r\u00e9silience de nos soci\u00e9t\u00e9s.<br \/>\nCommonsPolis s\u2019est dot\u00e9 d\u2019un espace de conseil, le Conseil Socio-scientifique, dont les personnes \u00e0 titre personnel et par la singularit\u00e9 de leurs parcours et de leurs engagements divers nourrissent CommonsPolis de leurs id\u00e9es, projections et ouvertures.[\/vc_column_text][\/vc_column][\/vc_row][vc_row][vc_column css_animation=\u00a0\u00bbfadeInLeft\u00a0\u00bb width=\u00a0\u00bb2\/5&Prime; css=\u00a0\u00bb.vc_custom_1547571292112{background-image: url(https:\/\/commonspolis.org\/wp-content\/uploads\/2019\/01\/trigo-left-.jpg?id=2018) !important;}\u00a0\u00bb][vc_column_text css_animation=\u00a0\u00bbfadeInLeft\u00a0\u00bb css=\u00a0\u00bb.vc_custom_1547576073466{background-color: #e6247a !important;}\u00a0\u00bb]<\/p>\n<p style=\"text-align: center;\"><span style=\"color: #33cccc;\"><a style=\"color: #ffffff;\" href=\"https:\/\/commonspolis.org\/fr\/le-bureau-de-commonspolis\/\" target=\"_blank\" rel=\"noopener\"><strong>LE BUREAU DE COMMONSPOLIS<\/strong><\/a><\/span><\/p>\n<p>[\/vc_column_text][\/vc_column][vc_column width=\u00a0\u00bb1\/5&Prime;][\/vc_column][vc_column css_animation=\u00a0\u00bbfadeInRight\u00a0\u00bb width=\u00a0\u00bb2\/5&Prime; css=\u00a0\u00bb.vc_custom_1547571344978{background-image: url(https:\/\/commonspolis.org\/wp-content\/uploads\/2019\/01\/trigo-right-.jpg?id=2021) !important;}\u00a0\u00bb][vc_column_text css_animation=\u00a0\u00bbfadeInRight\u00a0\u00bb css=\u00a0\u00bb.vc_custom_1547576108536{background-color: #e6247a !important;}\u00a0\u00bb]<\/p>\n<p style=\"text-align: center;\"><span style=\"color: #33cccc;\"><a style=\"color: #ffffff;\" href=\"https:\/\/commonspolis.org\/fr\/el-consejo-socio-cientifico-de-commonspolis\/\" target=\"_blank\" rel=\"noopener\"><strong>LE COMIT\u00c9 SOCIO-SCIENTIFIQUE DE COMMONSPOLIS<\/strong><\/a><\/span><\/p>\n<p>[\/vc_column_text][\/vc_column][\/vc_row][vc_row][vc_column][vc_empty_space height=\u00a0\u00bb60px\u00a0\u00bb][vc_column_text]<\/p>\n<h3><\/h3>\n<h3>La strat\u00e9gie<\/h3>\n<p>CommonsPolis, \u00e0 travers un processus participatif o\u00f9 se sont impliqu\u00e9s des plateformes de confluence municipaliste de l\u2019Etat espagnol ainsi que des acteurs de la transition en France, d\u00e9finit sa raison d\u2019\u00eatre et son Plan Strat\u00e9gique pour la p\u00e9riode 2018-2020 ainsi :<\/p>\n<h3>Notre vision<\/h3>\n<p>Favoriser l\u2019\u00e9mergence de savoirs et de processus de transition qui contribuent \u00e0 g\u00e9n\u00e9rer et renforcer des communaut\u00e9s r\u00e9silientes qui se reconnaissent dans le bien-vivre, dans le respect de leur diversit\u00e9, de leur interd\u00e9pendance et de leur \u00e9co d\u00e9pendance.<\/p>\n<h3>Notre mission<\/h3>\n<p>Renforcer les initiatives citoyennes qui construisent des alternatives \u00e0 la crise syst\u00e9mique et promeuvent depuis la protection de la diversit\u00e9, la radicalit\u00e9 d\u00e9mocratique, les biens communs et le respect des droits de l\u00b4homme et de la nature.<\/p>\n<h3>Les objectifs strat\u00e9giques de CommonsPolis pour cette p\u00e9riode sont :<\/h3>\n<p><strong>CONTRIBUER<\/strong> \u00e0 la cr\u00e9ation et \u00e0 la gestion de la connaissance dans le domaine du municipalisme, avec une approche particuli\u00e8re en exp\u00e9riences de d\u00e9mocratie radicale, de communs, de droits de l\u2019homme et de la nature.<\/p>\n<p><strong>ARTICULER<\/strong> une strat\u00e9gie de communication et de sensibilisation sur les impacts de l\u2019\u00e9mancipation et de la participation citoyenne.<\/p>\n<p><strong>FAVORISER<\/strong> la rencontre et la coop\u00e9ration entre les acteurs li\u00e9s au municipalisme en Europe et en Am\u00e9rique, en privil\u00e9giant l\u2019\u00e9change entre l\u2019Etat espagnol et l\u2019Europe francophone.<\/p>\n<p><strong>RENFORCER<\/strong> les acteurs du municipalisme dans leur culture collaborative et de transformation non violente des conflits par la construction de politiques citoyennes.[\/vc_column_text][\/vc_column][\/vc_row][vc_row css=\u00a0\u00bb.vc_custom_1620657153185{background-image: url(https:\/\/commonspolis.org\/wp-content\/uploads\/2021\/05\/muro.jpg?id=4794) !important;}\u00a0\u00bb][vc_column][vc_column_text css_animation=\u00a0\u00bbslideInRight\u00a0\u00bb el_class=\u00a0\u00bbtext-transform\u00a0\u00bb]<\/p>\n<h2 style=\"text-align: center;\"><a href=\"https:\/\/commonspolis.org\/fr\/informe-de-actividades\/\"><strong><span style=\"color: #ffffff;\">Consultez nos rapports d&rsquo;activit\u00e9<\/span><\/strong><\/a><\/h2>\n<p>[\/vc_column_text][\/vc_column][\/vc_row][vc_row][vc_column][\/vc_column][\/vc_row]<\/p>\n<\/div>","protected":false},"excerpt":{"rendered":"<p>[vc_row][vc_column][vc_single_image image=\u00a0\u00bb1768&Prime; img_size=\u00a0\u00bblarge\u00a0\u00bb alignment=\u00a0\u00bbcenter\u00a0\u00bb][\/vc_column][\/vc_row][vc_row][vc_column][vc_column_text] Qui sommes-nous ? Nous sommes le r\u00e9sultat et la synth\u00e8se de notre \u00e9poque : un think-do tank au service des r\u00e9seaux et cultures pour le changement CommonsPolis na\u00eet de l\u2019interconnexion de trajectoires personnelles et de parcours collectifs et particuliers dans une \u00e9poque marqu\u00e9e par la mont\u00e9e des luttes citoyennes de r\u00e9sistance.&hellip;<\/p>\n","protected":false},"author":1,"featured_media":1770,"parent":0,"menu_order":2,"comment_status":"closed","ping_status":"closed","template":"","meta":{"footnotes":""},"class_list":["post-590","page","type-page","status-publish","has-post-thumbnail","hentry","description-off"],"yoast_head":"<!-- This site is optimized with the Yoast SEO plugin v23.7 - https:\/\/yoast.com\/wordpress\/plugins\/seo\/ -->\n<title>Qui sommes-nous? &#8902; Commonspolis<\/title>\n<meta name=\"description\" content=\"Nous sommes le r\u00e9sultat et la synth\u00e8se de notre \u00e9poque: CommonsPolis na\u00eet de l\u2019interconnexion de trajectoires personnelles et de parcours collectifs et particuliers dans une \u00e9poque marqu\u00e9e par la mont\u00e9e des luttes citoyennes de r\u00e9sistance. R\u00e9sistances qui ont marqu\u00e9 la volont\u00e9 de repenser sur de nouveaux socles les relations des citoyens avec la d\u00e9mocratie, le pouvoir et la politique.\" \/>\n<meta name=\"robots\" content=\"index, follow, max-snippet:-1, max-image-preview:large, max-video-preview:-1\" \/>\n<link rel=\"canonical\" href=\"https:\/\/commonspolis.org\/fr\/qui-sommes-nous\/\" \/>\n<meta property=\"og:locale\" content=\"fr_FR\" \/>\n<meta property=\"og:type\" content=\"article\" \/>\n<meta property=\"og:title\" content=\"Qui sommes-nous? &#8902; Commonspolis\" \/>\n<meta property=\"og:description\" content=\"Nous sommes le r\u00e9sultat et la synth\u00e8se de notre \u00e9poque: CommonsPolis na\u00eet de l\u2019interconnexion de trajectoires personnelles et de parcours collectifs et particuliers dans une \u00e9poque marqu\u00e9e par la mont\u00e9e des luttes citoyennes de r\u00e9sistance. R\u00e9sistances qui ont marqu\u00e9 la volont\u00e9 de repenser sur de nouveaux socles les relations des citoyens avec la d\u00e9mocratie, le pouvoir et la politique.\" \/>\n<meta property=\"og:url\" content=\"https:\/\/commonspolis.org\/fr\/qui-sommes-nous\/\" \/>\n<meta property=\"og:site_name\" content=\"Commonspolis\" \/>\n<meta property=\"article:publisher\" content=\"https:\/\/www.facebook.com\/commonspolis\/\" \/>\n<meta property=\"article:modified_time\" content=\"2021-05-10T16:08:40+00:00\" \/>\n<meta property=\"og:image\" content=\"https:\/\/commonspolis.org\/wp-content\/uploads\/2019\/01\/trigo-.jpg\" \/>\n\t<meta property=\"og:image:width\" content=\"1600\" \/>\n\t<meta property=\"og:image:height\" content=\"1067\" \/>\n\t<meta property=\"og:image:type\" content=\"image\/jpeg\" \/>\n<meta name=\"twitter:card\" content=\"summary_large_image\" \/>\n<meta name=\"twitter:site\" content=\"@commonspolis\" \/>\n<meta name=\"twitter:label1\" content=\"Dur\u00e9e de lecture estim\u00e9e\" \/>\n\t<meta name=\"twitter:data1\" content=\"6 minutes\" \/>\n<script type=\"application\/ld+json\" class=\"yoast-schema-graph\">{\"@context\":\"https:\/\/schema.org\",\"@graph\":[{\"@type\":\"WebPage\",\"@id\":\"https:\/\/commonspolis.org\/fr\/qui-sommes-nous\/\",\"url\":\"https:\/\/commonspolis.org\/fr\/qui-sommes-nous\/\",\"name\":\"Qui sommes-nous? &#8902; Commonspolis\",\"isPartOf\":{\"@id\":\"https:\/\/commonspolis.org\/fr\/#website\"},\"primaryImageOfPage\":{\"@id\":\"https:\/\/commonspolis.org\/fr\/qui-sommes-nous\/#primaryimage\"},\"image\":{\"@id\":\"https:\/\/commonspolis.org\/fr\/qui-sommes-nous\/#primaryimage\"},\"thumbnailUrl\":\"https:\/\/commonspolis.org\/wp-content\/uploads\/2019\/01\/trigo-.jpg\",\"datePublished\":\"2018-11-11T16:59:56+00:00\",\"dateModified\":\"2021-05-10T16:08:40+00:00\",\"description\":\"Nous sommes le r\u00e9sultat et la synth\u00e8se de notre \u00e9poque: CommonsPolis na\u00eet de l\u2019interconnexion de trajectoires personnelles et de parcours collectifs et particuliers dans une \u00e9poque marqu\u00e9e par la mont\u00e9e des luttes citoyennes de r\u00e9sistance. R\u00e9sistances qui ont marqu\u00e9 la volont\u00e9 de repenser sur de nouveaux socles les relations des citoyens avec la d\u00e9mocratie, le pouvoir et la politique.\",\"breadcrumb\":{\"@id\":\"https:\/\/commonspolis.org\/fr\/qui-sommes-nous\/#breadcrumb\"},\"inLanguage\":\"fr-FR\",\"potentialAction\":[{\"@type\":\"ReadAction\",\"target\":[\"https:\/\/commonspolis.org\/fr\/qui-sommes-nous\/\"]}]},{\"@type\":\"ImageObject\",\"inLanguage\":\"fr-FR\",\"@id\":\"https:\/\/commonspolis.org\/fr\/qui-sommes-nous\/#primaryimage\",\"url\":\"https:\/\/commonspolis.org\/wp-content\/uploads\/2019\/01\/trigo-.jpg\",\"contentUrl\":\"https:\/\/commonspolis.org\/wp-content\/uploads\/2019\/01\/trigo-.jpg\",\"width\":1600,\"height\":1067,\"caption\":\"Quienes somos Commonspolis\"},{\"@type\":\"BreadcrumbList\",\"@id\":\"https:\/\/commonspolis.org\/fr\/qui-sommes-nous\/#breadcrumb\",\"itemListElement\":[{\"@type\":\"ListItem\",\"position\":1,\"name\":\"Portada\",\"item\":\"https:\/\/commonspolis.org\/fr\/pagina-ejemplo\/\"},{\"@type\":\"ListItem\",\"position\":2,\"name\":\"Qui sommes-nous?\"}]},{\"@type\":\"WebSite\",\"@id\":\"https:\/\/commonspolis.org\/fr\/#website\",\"url\":\"https:\/\/commonspolis.org\/fr\/\",\"name\":\"Commonspolis\",\"description\":\"Tisser des r\u00e9seaux et des cultures citoyennes pour le changement \",\"publisher\":{\"@id\":\"https:\/\/commonspolis.org\/fr\/#organization\"},\"potentialAction\":[{\"@type\":\"SearchAction\",\"target\":{\"@type\":\"EntryPoint\",\"urlTemplate\":\"https:\/\/commonspolis.org\/fr\/?s={search_term_string}\"},\"query-input\":{\"@type\":\"PropertyValueSpecification\",\"valueRequired\":true,\"valueName\":\"search_term_string\"}}],\"inLanguage\":\"fr-FR\"},{\"@type\":\"Organization\",\"@id\":\"https:\/\/commonspolis.org\/fr\/#organization\",\"name\":\"CommonsPolis\",\"url\":\"https:\/\/commonspolis.org\/fr\/\",\"logo\":{\"@type\":\"ImageObject\",\"inLanguage\":\"fr-FR\",\"@id\":\"https:\/\/commonspolis.org\/fr\/#\/schema\/logo\/image\/\",\"url\":\"https:\/\/commonspolis.org\/wp-content\/uploads\/2019\/01\/Logo_commonspolis_1200x628.png\",\"contentUrl\":\"https:\/\/commonspolis.org\/wp-content\/uploads\/2019\/01\/Logo_commonspolis_1200x628.png\",\"width\":1200,\"height\":628,\"caption\":\"CommonsPolis\"},\"image\":{\"@id\":\"https:\/\/commonspolis.org\/fr\/#\/schema\/logo\/image\/\"},\"sameAs\":[\"https:\/\/www.facebook.com\/commonspolis\/\",\"https:\/\/x.com\/commonspolis\"]}]}<\/script>\n<!-- \/ Yoast SEO plugin. -->","yoast_head_json":{"title":"Qui sommes-nous? &#8902; Commonspolis","description":"Nous sommes le r\u00e9sultat et la synth\u00e8se de notre \u00e9poque: CommonsPolis na\u00eet de l\u2019interconnexion de trajectoires personnelles et de parcours collectifs et particuliers dans une \u00e9poque marqu\u00e9e par la mont\u00e9e des luttes citoyennes de r\u00e9sistance. R\u00e9sistances qui ont marqu\u00e9 la volont\u00e9 de repenser sur de nouveaux socles les relations des citoyens avec la d\u00e9mocratie, le pouvoir et la politique.","robots":{"index":"index","follow":"follow","max-snippet":"max-snippet:-1","max-image-preview":"max-image-preview:large","max-video-preview":"max-video-preview:-1"},"canonical":"https:\/\/commonspolis.org\/fr\/qui-sommes-nous\/","og_locale":"fr_FR","og_type":"article","og_title":"Qui sommes-nous? &#8902; Commonspolis","og_description":"Nous sommes le r\u00e9sultat et la synth\u00e8se de notre \u00e9poque: CommonsPolis na\u00eet de l\u2019interconnexion de trajectoires personnelles et de parcours collectifs et particuliers dans une \u00e9poque marqu\u00e9e par la mont\u00e9e des luttes citoyennes de r\u00e9sistance. R\u00e9sistances qui ont marqu\u00e9 la volont\u00e9 de repenser sur de nouveaux socles les relations des citoyens avec la d\u00e9mocratie, le pouvoir et la politique.","og_url":"https:\/\/commonspolis.org\/fr\/qui-sommes-nous\/","og_site_name":"Commonspolis","article_publisher":"https:\/\/www.facebook.com\/commonspolis\/","article_modified_time":"2021-05-10T16:08:40+00:00","og_image":[{"width":1600,"height":1067,"url":"https:\/\/commonspolis.org\/wp-content\/uploads\/2019\/01\/trigo-.jpg","type":"image\/jpeg"}],"twitter_card":"summary_large_image","twitter_site":"@commonspolis","twitter_misc":{"Dur\u00e9e de lecture estim\u00e9e":"6 minutes"},"schema":{"@context":"https:\/\/schema.org","@graph":[{"@type":"WebPage","@id":"https:\/\/commonspolis.org\/fr\/qui-sommes-nous\/","url":"https:\/\/commonspolis.org\/fr\/qui-sommes-nous\/","name":"Qui sommes-nous? &#8902; Commonspolis","isPartOf":{"@id":"https:\/\/commonspolis.org\/fr\/#website"},"primaryImageOfPage":{"@id":"https:\/\/commonspolis.org\/fr\/qui-sommes-nous\/#primaryimage"},"image":{"@id":"https:\/\/commonspolis.org\/fr\/qui-sommes-nous\/#primaryimage"},"thumbnailUrl":"https:\/\/commonspolis.org\/wp-content\/uploads\/2019\/01\/trigo-.jpg","datePublished":"2018-11-11T16:59:56+00:00","dateModified":"2021-05-10T16:08:40+00:00","description":"Nous sommes le r\u00e9sultat et la synth\u00e8se de notre \u00e9poque: CommonsPolis na\u00eet de l\u2019interconnexion de trajectoires personnelles et de parcours collectifs et particuliers dans une \u00e9poque marqu\u00e9e par la mont\u00e9e des luttes citoyennes de r\u00e9sistance. R\u00e9sistances qui ont marqu\u00e9 la volont\u00e9 de repenser sur de nouveaux socles les relations des citoyens avec la d\u00e9mocratie, le pouvoir et la politique.","breadcrumb":{"@id":"https:\/\/commonspolis.org\/fr\/qui-sommes-nous\/#breadcrumb"},"inLanguage":"fr-FR","potentialAction":[{"@type":"ReadAction","target":["https:\/\/commonspolis.org\/fr\/qui-sommes-nous\/"]}]},{"@type":"ImageObject","inLanguage":"fr-FR","@id":"https:\/\/commonspolis.org\/fr\/qui-sommes-nous\/#primaryimage","url":"https:\/\/commonspolis.org\/wp-content\/uploads\/2019\/01\/trigo-.jpg","contentUrl":"https:\/\/commonspolis.org\/wp-content\/uploads\/2019\/01\/trigo-.jpg","width":1600,"height":1067,"caption":"Quienes somos Commonspolis"},{"@type":"BreadcrumbList","@id":"https:\/\/commonspolis.org\/fr\/qui-sommes-nous\/#breadcrumb","itemListElement":[{"@type":"ListItem","position":1,"name":"Portada","item":"https:\/\/commonspolis.org\/fr\/pagina-ejemplo\/"},{"@type":"ListItem","position":2,"name":"Qui sommes-nous?"}]},{"@type":"WebSite","@id":"https:\/\/commonspolis.org\/fr\/#website","url":"https:\/\/commonspolis.org\/fr\/","name":"Commonspolis","description":"Tisser des r\u00e9seaux et des cultures citoyennes pour le changement ","publisher":{"@id":"https:\/\/commonspolis.org\/fr\/#organization"},"potentialAction":[{"@type":"SearchAction","target":{"@type":"EntryPoint","urlTemplate":"https:\/\/commonspolis.org\/fr\/?s={search_term_string}"},"query-input":{"@type":"PropertyValueSpecification","valueRequired":true,"valueName":"search_term_string"}}],"inLanguage":"fr-FR"},{"@type":"Organization","@id":"https:\/\/commonspolis.org\/fr\/#organization","name":"CommonsPolis","url":"https:\/\/commonspolis.org\/fr\/","logo":{"@type":"ImageObject","inLanguage":"fr-FR","@id":"https:\/\/commonspolis.org\/fr\/#\/schema\/logo\/image\/","url":"https:\/\/commonspolis.org\/wp-content\/uploads\/2019\/01\/Logo_commonspolis_1200x628.png","contentUrl":"https:\/\/commonspolis.org\/wp-content\/uploads\/2019\/01\/Logo_commonspolis_1200x628.png","width":1200,"height":628,"caption":"CommonsPolis"},"image":{"@id":"https:\/\/commonspolis.org\/fr\/#\/schema\/logo\/image\/"},"sameAs":["https:\/\/www.facebook.com\/commonspolis\/","https:\/\/x.com\/commonspolis"]}]}},"_links":{"self":[{"href":"https:\/\/commonspolis.org\/fr\/wp-json\/wp\/v2\/pages\/590"}],"collection":[{"href":"https:\/\/commonspolis.org\/fr\/wp-json\/wp\/v2\/pages"}],"about":[{"href":"https:\/\/commonspolis.org\/fr\/wp-json\/wp\/v2\/types\/page"}],"author":[{"embeddable":true,"href":"https:\/\/commonspolis.org\/fr\/wp-json\/wp\/v2\/users\/1"}],"replies":[{"embeddable":true,"href":"https:\/\/commonspolis.org\/fr\/wp-json\/wp\/v2\/comments?post=590"}],"version-history":[{"count":1,"href":"https:\/\/commonspolis.org\/fr\/wp-json\/wp\/v2\/pages\/590\/revisions"}],"predecessor-version":[{"id":4840,"href":"https:\/\/commonspolis.org\/fr\/wp-json\/wp\/v2\/pages\/590\/revisions\/4840"}],"wp:featuredmedia":[{"embeddable":true,"href":"https:\/\/commonspolis.org\/fr\/wp-json\/wp\/v2\/media\/1770"}],"wp:attachment":[{"href":"https:\/\/commonspolis.org\/fr\/wp-json\/wp\/v2\/media?parent=590"}],"curies":[{"name":"wp","href":"https:\/\/api.w.org\/{rel}","templated":true}]}}