{"id":4473,"date":"2021-03-23T16:16:22","date_gmt":"2021-03-23T15:16:22","guid":{"rendered":"https:\/\/commonspolis.org\/?page_id=4473"},"modified":"2022-08-24T13:01:18","modified_gmt":"2022-08-24T11:01:18","slug":"informe-de-actividades","status":"publish","type":"page","link":"https:\/\/commonspolis.org\/fr\/informe-de-actividades\/","title":{"rendered":"Rapports d&rsquo;activit\u00e9"},"content":{"rendered":"<div class=\"wpb-content-wrapper\"><p>[vc_row css=\u00a0\u00bb.vc_custom_1616512231070{margin-bottom: 20px !important;}\u00a0\u00bb][vc_column][vc_custom_heading text=\u00a0\u00bbD\u00e9couvrez les temps forts de l&rsquo;ann\u00e9e\u00a0\u00bb font_container=\u00a0\u00bbtag:h3|text_align:center\u00a0\u00bb use_theme_fonts=\u00a0\u00bbyes\u00a0\u00bb][vc_column_text]Chaque ann\u00e9e, nous publions un rapport annuel qui pr\u00e9sente le bilan des activit\u00e9s de CommonsPolis et notre engagement au service du renforcement des actrices et acteurs, des savoirs et de processus de transition qui contribuent \u00e0 renforcer des communaut\u00e9s r\u00e9silientes, de bien-vivre, dans le respect de leur diversit\u00e9, de leur interd\u00e9pendance et de leur \u00e9co d\u00e9pendance.[\/vc_column_text][vc_row_inner][vc_column_inner width=\u00a0\u00bb1\/3&Prime;][vc_single_image image=\u00a0\u00bb4825&Prime; img_size=\u00a0\u00bbfull\u00a0\u00bb onclick=\u00a0\u00bbcustom_link\u00a0\u00bb link=\u00a0\u00bbhttps:\/\/commonspolis.org\/wp-content\/uploads\/2021\/03\/Rapport-dactivite-2020_FR.pdf\u00a0\u00bb][\/vc_column_inner][vc_column_inner width=\u00a0\u00bb1\/3&Prime;][vc_single_image image=\u00a0\u00bb4828&Prime; img_size=\u00a0\u00bbfull\u00a0\u00bb onclick=\u00a0\u00bbcustom_link\u00a0\u00bb link=\u00a0\u00bbhttps:\/\/commonspolis.org\/wp-content\/uploads\/2021\/03\/Rapport-dactivite-2019-Commonspolis-FR-vf.pdf\u00a0\u00bb][\/vc_column_inner][vc_column_inner width=\u00a0\u00bb1\/3&Prime;][vc_single_image image=\u00a0\u00bb4831&Prime; img_size=\u00a0\u00bbfull\u00a0\u00bb onclick=\u00a0\u00bbcustom_link\u00a0\u00bb link=\u00a0\u00bbhttps:\/\/commonspolis.org\/wp-content\/uploads\/2021\/03\/Rapport-dactivite-2018-Commonspolis-FR-vf.pdf\u00a0\u00bb][\/vc_column_inner][\/vc_row_inner][vc_row_inner][vc_column_inner width=\u00a0\u00bb1\/3&Prime;][\/vc_column_inner][vc_column_inner width=\u00a0\u00bb1\/3&Prime;][vc_single_image image=\u00a0\u00bb5246&Prime; img_size=\u00a0\u00bbfull\u00a0\u00bb onclick=\u00a0\u00bbcustom_link\u00a0\u00bb link=\u00a0\u00bbhttps:\/\/commonspolis.org\/wp-content\/uploads\/2022\/08\/OK-Rapport-dactivite\u0301-2021_FR.pdf\u00a0\u00bb][\/vc_column_inner][vc_column_inner width=\u00a0\u00bb1\/3&Prime;][\/vc_column_inner][\/vc_row_inner][\/vc_column][\/vc_row]<\/p>\n<\/div>","protected":false},"excerpt":{"rendered":"<p>[vc_row css=\u00a0\u00bb.vc_custom_1616512231070{margin-bottom: 20px !important;}\u00a0\u00bb][vc_column][vc_custom_heading text=\u00a0\u00bbD\u00e9couvrez les temps forts de l&rsquo;ann\u00e9e\u00a0\u00bb font_container=\u00a0\u00bbtag:h3|text_align:center\u00a0\u00bb use_theme_fonts=\u00a0\u00bbyes\u00a0\u00bb][vc_column_text]Chaque ann\u00e9e, nous publions un rapport annuel qui pr\u00e9sente le bilan des activit\u00e9s de CommonsPolis et notre engagement au service du renforcement des actrices et acteurs, des savoirs et de processus de transition qui contribuent \u00e0 renforcer des communaut\u00e9s r\u00e9silientes, de bien-vivre, dans le&hellip;<\/p>\n","protected":false},"author":2,"featured_media":1234,"parent":0,"menu_order":0,"comment_status":"closed","ping_status":"closed","template":"","meta":{"footnotes":""},"class_list":["post-4473","page","type-page","status-publish","has-post-thumbnail","hentry","description-off"],"yoast_head":"<!-- This site is optimized with the Yoast SEO plugin v23.7 - https:\/\/yoast.com\/wordpress\/plugins\/seo\/ -->\n<title>Rapports d&#039;activit\u00e9 &#8902; Commonspolis<\/title>\n<meta name=\"description\" content=\"Chaque ann\u00e9e, nous publions un rapport annuel qui pr\u00e9sente le bilan des activit\u00e9s de CommonsPolis et notre engagement au service du renforcement des\" \/>\n<meta name=\"robots\" content=\"index, follow, max-snippet:-1, max-image-preview:large, max-video-preview:-1\" \/>\n<link rel=\"canonical\" href=\"https:\/\/commonspolis.org\/fr\/informe-de-actividades\/\" \/>\n<meta property=\"og:locale\" content=\"fr_FR\" \/>\n<meta property=\"og:type\" content=\"article\" \/>\n<meta property=\"og:title\" content=\"Rapports d&#039;activit\u00e9 &#8902; Commonspolis\" \/>\n<meta property=\"og:description\" content=\"Chaque ann\u00e9e, nous publions un rapport annuel qui pr\u00e9sente le bilan des activit\u00e9s de CommonsPolis et notre engagement au service du renforcement des\" \/>\n<meta property=\"og:url\" content=\"https:\/\/commonspolis.org\/fr\/informe-de-actividades\/\" \/>\n<meta property=\"og:site_name\" content=\"Commonspolis\" \/>\n<meta property=\"article:publisher\" content=\"https:\/\/www.facebook.com\/commonspolis\/\" \/>\n<meta property=\"article:modified_time\" content=\"2022-08-24T11:01:18+00:00\" \/>\n<meta property=\"og:image\" content=\"https:\/\/commonspolis.org\/wp-content\/uploads\/2019\/01\/Logo_commonspolis_1200x628.png\" \/>\n\t<meta property=\"og:image:width\" content=\"1200\" \/>\n\t<meta property=\"og:image:height\" content=\"628\" \/>\n\t<meta property=\"og:image:type\" content=\"image\/png\" \/>\n<meta name=\"twitter:card\" content=\"summary_large_image\" \/>\n<meta name=\"twitter:site\" content=\"@commonspolis\" \/>\n<meta name=\"twitter:label1\" content=\"Dur\u00e9e de lecture estim\u00e9e\" \/>\n\t<meta name=\"twitter:data1\" content=\"1 minute\" \/>\n<script type=\"application\/ld+json\" class=\"yoast-schema-graph\">{\"@context\":\"https:\/\/schema.org\",\"@graph\":[{\"@type\":\"WebPage\",\"@id\":\"https:\/\/commonspolis.org\/fr\/informe-de-actividades\/\",\"url\":\"https:\/\/commonspolis.org\/fr\/informe-de-actividades\/\",\"name\":\"Rapports d'activit\u00e9 &#8902; Commonspolis\",\"isPartOf\":{\"@id\":\"https:\/\/commonspolis.org\/fr\/#website\"},\"primaryImageOfPage\":{\"@id\":\"https:\/\/commonspolis.org\/fr\/informe-de-actividades\/#primaryimage\"},\"image\":{\"@id\":\"https:\/\/commonspolis.org\/fr\/informe-de-actividades\/#primaryimage\"},\"thumbnailUrl\":\"https:\/\/commonspolis.org\/wp-content\/uploads\/2018\/12\/default_commons-2.png\",\"datePublished\":\"2021-03-23T15:16:22+00:00\",\"dateModified\":\"2022-08-24T11:01:18+00:00\",\"description\":\"Chaque ann\u00e9e, nous publions un rapport annuel qui pr\u00e9sente le bilan des activit\u00e9s de CommonsPolis et notre engagement au service du renforcement des\",\"breadcrumb\":{\"@id\":\"https:\/\/commonspolis.org\/fr\/informe-de-actividades\/#breadcrumb\"},\"inLanguage\":\"fr-FR\",\"potentialAction\":[{\"@type\":\"ReadAction\",\"target\":[\"https:\/\/commonspolis.org\/fr\/informe-de-actividades\/\"]}]},{\"@type\":\"ImageObject\",\"inLanguage\":\"fr-FR\",\"@id\":\"https:\/\/commonspolis.org\/fr\/informe-de-actividades\/#primaryimage\",\"url\":\"https:\/\/commonspolis.org\/wp-content\/uploads\/2018\/12\/default_commons-2.png\",\"contentUrl\":\"https:\/\/commonspolis.org\/wp-content\/uploads\/2018\/12\/default_commons-2.png\",\"width\":1600,\"height\":947},{\"@type\":\"BreadcrumbList\",\"@id\":\"https:\/\/commonspolis.org\/fr\/informe-de-actividades\/#breadcrumb\",\"itemListElement\":[{\"@type\":\"ListItem\",\"position\":1,\"name\":\"Portada\",\"item\":\"https:\/\/commonspolis.org\/fr\/pagina-ejemplo\/\"},{\"@type\":\"ListItem\",\"position\":2,\"name\":\"Rapports d&#8217;activit\u00e9\"}]},{\"@type\":\"WebSite\",\"@id\":\"https:\/\/commonspolis.org\/fr\/#website\",\"url\":\"https:\/\/commonspolis.org\/fr\/\",\"name\":\"Commonspolis\",\"description\":\"Tisser des r\u00e9seaux et des cultures citoyennes pour le changement \",\"publisher\":{\"@id\":\"https:\/\/commonspolis.org\/fr\/#organization\"},\"potentialAction\":[{\"@type\":\"SearchAction\",\"target\":{\"@type\":\"EntryPoint\",\"urlTemplate\":\"https:\/\/commonspolis.org\/fr\/?s={search_term_string}\"},\"query-input\":{\"@type\":\"PropertyValueSpecification\",\"valueRequired\":true,\"valueName\":\"search_term_string\"}}],\"inLanguage\":\"fr-FR\"},{\"@type\":\"Organization\",\"@id\":\"https:\/\/commonspolis.org\/fr\/#organization\",\"name\":\"CommonsPolis\",\"url\":\"https:\/\/commonspolis.org\/fr\/\",\"logo\":{\"@type\":\"ImageObject\",\"inLanguage\":\"fr-FR\",\"@id\":\"https:\/\/commonspolis.org\/fr\/#\/schema\/logo\/image\/\",\"url\":\"https:\/\/commonspolis.org\/wp-content\/uploads\/2019\/01\/Logo_commonspolis_1200x628.png\",\"contentUrl\":\"https:\/\/commonspolis.org\/wp-content\/uploads\/2019\/01\/Logo_commonspolis_1200x628.png\",\"width\":1200,\"height\":628,\"caption\":\"CommonsPolis\"},\"image\":{\"@id\":\"https:\/\/commonspolis.org\/fr\/#\/schema\/logo\/image\/\"},\"sameAs\":[\"https:\/\/www.facebook.com\/commonspolis\/\",\"https:\/\/x.com\/commonspolis\"]}]}<\/script>\n<!-- \/ Yoast SEO plugin. -->","yoast_head_json":{"title":"Rapports d'activit\u00e9 &#8902; Commonspolis","description":"Chaque ann\u00e9e, nous publions un rapport annuel qui pr\u00e9sente le bilan des activit\u00e9s de CommonsPolis et notre engagement au service du renforcement des","robots":{"index":"index","follow":"follow","max-snippet":"max-snippet:-1","max-image-preview":"max-image-preview:large","max-video-preview":"max-video-preview:-1"},"canonical":"https:\/\/commonspolis.org\/fr\/informe-de-actividades\/","og_locale":"fr_FR","og_type":"article","og_title":"Rapports d'activit\u00e9 &#8902; Commonspolis","og_description":"Chaque ann\u00e9e, nous publions un rapport annuel qui pr\u00e9sente le bilan des activit\u00e9s de CommonsPolis et notre engagement au service du renforcement des","og_url":"https:\/\/commonspolis.org\/fr\/informe-de-actividades\/","og_site_name":"Commonspolis","article_publisher":"https:\/\/www.facebook.com\/commonspolis\/","article_modified_time":"2022-08-24T11:01:18+00:00","og_image":[{"width":1200,"height":628,"url":"https:\/\/commonspolis.org\/wp-content\/uploads\/2019\/01\/Logo_commonspolis_1200x628.png","type":"image\/png"}],"twitter_card":"summary_large_image","twitter_site":"@commonspolis","twitter_misc":{"Dur\u00e9e de lecture estim\u00e9e":"1 minute"},"schema":{"@context":"https:\/\/schema.org","@graph":[{"@type":"WebPage","@id":"https:\/\/commonspolis.org\/fr\/informe-de-actividades\/","url":"https:\/\/commonspolis.org\/fr\/informe-de-actividades\/","name":"Rapports d'activit\u00e9 &#8902; Commonspolis","isPartOf":{"@id":"https:\/\/commonspolis.org\/fr\/#website"},"primaryImageOfPage":{"@id":"https:\/\/commonspolis.org\/fr\/informe-de-actividades\/#primaryimage"},"image":{"@id":"https:\/\/commonspolis.org\/fr\/informe-de-actividades\/#primaryimage"},"thumbnailUrl":"https:\/\/commonspolis.org\/wp-content\/uploads\/2018\/12\/default_commons-2.png","datePublished":"2021-03-23T15:16:22+00:00","dateModified":"2022-08-24T11:01:18+00:00","description":"Chaque ann\u00e9e, nous publions un rapport annuel qui pr\u00e9sente le bilan des activit\u00e9s de CommonsPolis et notre engagement au service du renforcement des","breadcrumb":{"@id":"https:\/\/commonspolis.org\/fr\/informe-de-actividades\/#breadcrumb"},"inLanguage":"fr-FR","potentialAction":[{"@type":"ReadAction","target":["https:\/\/commonspolis.org\/fr\/informe-de-actividades\/"]}]},{"@type":"ImageObject","inLanguage":"fr-FR","@id":"https:\/\/commonspolis.org\/fr\/informe-de-actividades\/#primaryimage","url":"https:\/\/commonspolis.org\/wp-content\/uploads\/2018\/12\/default_commons-2.png","contentUrl":"https:\/\/commonspolis.org\/wp-content\/uploads\/2018\/12\/default_commons-2.png","width":1600,"height":947},{"@type":"BreadcrumbList","@id":"https:\/\/commonspolis.org\/fr\/informe-de-actividades\/#breadcrumb","itemListElement":[{"@type":"ListItem","position":1,"name":"Portada","item":"https:\/\/commonspolis.org\/fr\/pagina-ejemplo\/"},{"@type":"ListItem","position":2,"name":"Rapports d&#8217;activit\u00e9"}]},{"@type":"WebSite","@id":"https:\/\/commonspolis.org\/fr\/#website","url":"https:\/\/commonspolis.org\/fr\/","name":"Commonspolis","description":"Tisser des r\u00e9seaux et des cultures citoyennes pour le changement ","publisher":{"@id":"https:\/\/commonspolis.org\/fr\/#organization"},"potentialAction":[{"@type":"SearchAction","target":{"@type":"EntryPoint","urlTemplate":"https:\/\/commonspolis.org\/fr\/?s={search_term_string}"},"query-input":{"@type":"PropertyValueSpecification","valueRequired":true,"valueName":"search_term_string"}}],"inLanguage":"fr-FR"},{"@type":"Organization","@id":"https:\/\/commonspolis.org\/fr\/#organization","name":"CommonsPolis","url":"https:\/\/commonspolis.org\/fr\/","logo":{"@type":"ImageObject","inLanguage":"fr-FR","@id":"https:\/\/commonspolis.org\/fr\/#\/schema\/logo\/image\/","url":"https:\/\/commonspolis.org\/wp-content\/uploads\/2019\/01\/Logo_commonspolis_1200x628.png","contentUrl":"https:\/\/commonspolis.org\/wp-content\/uploads\/2019\/01\/Logo_commonspolis_1200x628.png","width":1200,"height":628,"caption":"CommonsPolis"},"image":{"@id":"https:\/\/commonspolis.org\/fr\/#\/schema\/logo\/image\/"},"sameAs":["https:\/\/www.facebook.com\/commonspolis\/","https:\/\/x.com\/commonspolis"]}]}},"_links":{"self":[{"href":"https:\/\/commonspolis.org\/fr\/wp-json\/wp\/v2\/pages\/4473"}],"collection":[{"href":"https:\/\/commonspolis.org\/fr\/wp-json\/wp\/v2\/pages"}],"about":[{"href":"https:\/\/commonspolis.org\/fr\/wp-json\/wp\/v2\/types\/page"}],"author":[{"embeddable":true,"href":"https:\/\/commonspolis.org\/fr\/wp-json\/wp\/v2\/users\/2"}],"replies":[{"embeddable":true,"href":"https:\/\/commonspolis.org\/fr\/wp-json\/wp\/v2\/comments?post=4473"}],"version-history":[{"count":75,"href":"https:\/\/commonspolis.org\/fr\/wp-json\/wp\/v2\/pages\/4473\/revisions"}],"predecessor-version":[{"id":5256,"href":"https:\/\/commonspolis.org\/fr\/wp-json\/wp\/v2\/pages\/4473\/revisions\/5256"}],"wp:featuredmedia":[{"embeddable":true,"href":"https:\/\/commonspolis.org\/fr\/wp-json\/wp\/v2\/media\/1234"}],"wp:attachment":[{"href":"https:\/\/commonspolis.org\/fr\/wp-json\/wp\/v2\/media?parent=4473"}],"curies":[{"name":"wp","href":"https:\/\/api.w.org\/{rel}","templated":true}]}}