{"id":1991,"date":"2019-01-09T14:49:28","date_gmt":"2019-01-09T13:49:28","guid":{"rendered":"https:\/\/commonspolis.org\/?page_id=1991"},"modified":"2019-01-15T13:37:52","modified_gmt":"2019-01-15T12:37:52","slug":"le-bureau-de-commonspolis","status":"publish","type":"page","link":"https:\/\/commonspolis.org\/fr\/le-bureau-de-commonspolis\/","title":{"rendered":"Le Bureau de Commonspolis"},"content":{"rendered":"<div class=\"wpb-content-wrapper\"><p>[vc_row equal_height=\u00a0\u00bbyes\u00a0\u00bb content_placement=\u00a0\u00bbtop\u00a0\u00bb][vc_column width=\u00a0\u00bb1\/4&Prime;][vc_hoverbox image=\u00a0\u00bb1809&Prime; primary_title=\u00a0\u00bb\u00a0\u00bb primary_align=\u00a0\u00bbjustify\u00a0\u00bb hover_title=\u00a0\u00bb\u00a0\u00bb hover_align=\u00a0\u00bbleft\u00a0\u00bb css=\u00a0\u00bb.vc_custom_1547555703917{margin-top: 8px !important;}\u00a0\u00bb]Pr\u00e9sident de la CEAGA, coop\u00e9rative agricole et de tourisme rural.<\/p>\n<p>Agriculteur, il favorise la r\u00e9cup\u00e9ration des vari\u00e9t\u00e9s locales et des mod\u00e8les de d\u00e9veloppement alternatifs au d\u00e9veloppement actuel.<br \/>\n&nbsp;<\/p>\n<p>&nbsp;<\/p>\n<p>&nbsp;<\/p>\n<p>&nbsp;<\/p>\n<p>&nbsp;<\/p>\n<p>&nbsp;<\/p>\n<p>&nbsp;<\/p>\n<p>&nbsp;<\/p>\n<p>&nbsp;[\/vc_hoverbox][vc_column_text]<\/p>\n<h3 style=\"text-align: center;\">PR\u00c9SIDENT<\/h3>\n<h5 style=\"text-align: center;\">Cesareo CASINO ESTEBAN<\/h5>\n<p>[\/vc_column_text][\/vc_column][vc_column width=\u00a0\u00bb1\/4&Prime;][vc_hoverbox image=\u00a0\u00bb1828&Prime; primary_title=\u00a0\u00bb\u00a0\u00bb primary_align=\u00a0\u00bbjustify\u00a0\u00bb hover_title=\u00a0\u00bb\u00a0\u00bb hover_align=\u00a0\u00bbleft\u00a0\u00bb]Juriste, avec 15 ans d\u2019exp\u00e9rience dans l\u2019accompagnement des associations et des entreprises de l\u2019Economie Sociale et Solidaire. Membre actif de plusieurs associations, dont notamment Un Centre Ville Pour Tous qui oeuvre \u00e0 Marseille pour un Droit \u00e0 la Ville pour tous, et de Babalex, qui fait la promotion de la Citoyennet\u00e9 par l\u2019appropriation du Droit.<\/p>\n<p>&nbsp;<\/p>\n<p>&nbsp;<\/p>\n<p>&nbsp;<\/p>\n<p>&nbsp;<\/p>\n<p>&nbsp;<\/p>\n<p>&nbsp;<\/p>\n<p>&nbsp;[\/vc_hoverbox][vc_column_text]<\/p>\n<h3 style=\"text-align: center;\">VICE-PR\u00c9SIDENTE<\/h3>\n<h5 style=\"text-align: center;\">Alima El BAJNOUNI<\/h5>\n<p>[\/vc_column_text][\/vc_column][vc_column width=\u00a0\u00bb1\/4&Prime;][vc_hoverbox image=\u00a0\u00bb1835&Prime; primary_title=\u00a0\u00bb\u00a0\u00bb primary_align=\u00a0\u00bbjustify\u00a0\u00bb hover_title=\u00a0\u00bb\u00a0\u00bb hover_align=\u00a0\u00bbleft\u00a0\u00bb]Conseill\u00e8re en gestion et administration. Plus de 7 ans d&rsquo;exp\u00e9rience en tant qu&rsquo;administratrice et comptable dans des entit\u00e9s du tiers secteur. Plus de 15 ans d&rsquo;exp\u00e9rience en tant qu&rsquo;administratrice et comptable.<\/p>\n<p>&nbsp;<\/p>\n<p>&nbsp;<\/p>\n<p>&nbsp;<\/p>\n<p>&nbsp;<\/p>\n<p>&nbsp;<\/p>\n<p>&nbsp;<\/p>\n<p>&nbsp;<\/p>\n<p>&nbsp;<\/p>\n<p>&nbsp;<\/p>\n<p>&nbsp;[\/vc_hoverbox][vc_column_text]<\/p>\n<h3 style=\"text-align: center;\">SECR\u00c9TAIRE<\/h3>\n<h5 style=\"text-align: center;\">Laura CREMADES<\/h5>\n<p>[\/vc_column_text][\/vc_column][vc_column width=\u00a0\u00bb1\/4&Prime;][vc_hoverbox image=\u00a0\u00bb1853&Prime; primary_title=\u00a0\u00bb\u00a0\u00bb primary_align=\u00a0\u00bbjustify\u00a0\u00bb hover_title=\u00a0\u00bb\u00a0\u00bb hover_align=\u00a0\u00bbleft\u00a0\u00bb]Dipl\u00f4m\u00e9 en Journalisme au Chili et dipl\u00f4m\u00e9 d&rsquo;un Master en Edition et Communication \u00e0 l&rsquo;Universit\u00e9 de Toulouse, Diego vit en France et travaille dans diff\u00e9rentes publications et m\u00e9dias num\u00e9riques li\u00e9s principalement au domaine culturel. Participe activement au d\u00e9veloppement de r\u00e9seaux et de strat\u00e9gies de communication appliqu\u00e9s au monde interculturel entre le monde francophone et hispanophone et \u00e0 la valorisation des exp\u00e9riences et des processus de participation collective.<\/p>\n<p>&nbsp;<\/p>\n<p>&nbsp;[\/vc_hoverbox][vc_column_text]<\/p>\n<h3 style=\"text-align: center;\">TR\u00c9SORIER<\/h3>\n<h5 style=\"text-align: center;\">Diego OLIVARES SANTACRUZ<\/h5>\n<p>[\/vc_column_text][\/vc_column][\/vc_row]<\/p>\n<\/div>","protected":false},"excerpt":{"rendered":"<p>[vc_row equal_height=\u00a0\u00bbyes\u00a0\u00bb content_placement=\u00a0\u00bbtop\u00a0\u00bb][vc_column width=\u00a0\u00bb1\/4&Prime;][vc_hoverbox image=\u00a0\u00bb1809&Prime; primary_title=\u00a0\u00bb\u00a0\u00bb primary_align=\u00a0\u00bbjustify\u00a0\u00bb hover_title=\u00a0\u00bb\u00a0\u00bb hover_align=\u00a0\u00bbleft\u00a0\u00bb css=\u00a0\u00bb.vc_custom_1547555703917{margin-top: 8px !important;}\u00a0\u00bb]Pr\u00e9sident de la CEAGA, coop\u00e9rative agricole et de tourisme rural. Agriculteur, il favorise la r\u00e9cup\u00e9ration des vari\u00e9t\u00e9s locales et des mod\u00e8les de d\u00e9veloppement alternatifs au d\u00e9veloppement actuel. &nbsp; &nbsp; &nbsp; &nbsp; &nbsp; &nbsp; &nbsp; &nbsp; &nbsp;[\/vc_hoverbox][vc_column_text] PR\u00c9SIDENT Cesareo CASINO ESTEBAN [\/vc_column_text][\/vc_column][vc_column width=\u00a0\u00bb1\/4&Prime;][vc_hoverbox image=\u00a0\u00bb1828&Prime; primary_title=\u00a0\u00bb\u00a0\u00bb&hellip;<\/p>\n","protected":false},"author":2,"featured_media":1234,"parent":0,"menu_order":5,"comment_status":"closed","ping_status":"closed","template":"","meta":{"footnotes":""},"class_list":["post-1991","page","type-page","status-publish","has-post-thumbnail","hentry","description-off"],"yoast_head":"<!-- This site is optimized with the Yoast SEO plugin v23.7 - https:\/\/yoast.com\/wordpress\/plugins\/seo\/ -->\n<title>Le Bureau de Commonspolis &#8902; Commonspolis<\/title>\n<meta name=\"description\" content=\"Pr\u00e9sident de la CEAGA, coop\u00e9rative agricole et de tourisme rural. Agriculteur, il favorise la r\u00e9cup\u00e9ration des vari\u00e9t\u00e9s locales et des mod\u00e8les de\" \/>\n<meta name=\"robots\" content=\"index, follow, max-snippet:-1, max-image-preview:large, max-video-preview:-1\" \/>\n<link rel=\"canonical\" href=\"https:\/\/commonspolis.org\/fr\/le-bureau-de-commonspolis\/\" \/>\n<meta property=\"og:locale\" content=\"fr_FR\" \/>\n<meta property=\"og:type\" content=\"article\" \/>\n<meta property=\"og:title\" content=\"Le Bureau de Commonspolis &#8902; Commonspolis\" \/>\n<meta property=\"og:description\" content=\"Pr\u00e9sident de la CEAGA, coop\u00e9rative agricole et de tourisme rural. Agriculteur, il favorise la r\u00e9cup\u00e9ration des vari\u00e9t\u00e9s locales et des mod\u00e8les de\" \/>\n<meta property=\"og:url\" content=\"https:\/\/commonspolis.org\/fr\/le-bureau-de-commonspolis\/\" \/>\n<meta property=\"og:site_name\" content=\"Commonspolis\" \/>\n<meta property=\"article:publisher\" content=\"https:\/\/www.facebook.com\/commonspolis\/\" \/>\n<meta property=\"article:modified_time\" content=\"2019-01-15T12:37:52+00:00\" \/>\n<meta property=\"og:image\" content=\"https:\/\/commonspolis.org\/wp-content\/uploads\/2018\/12\/default_commons-2.png\" \/>\n\t<meta property=\"og:image:width\" content=\"1600\" \/>\n\t<meta property=\"og:image:height\" content=\"947\" \/>\n\t<meta property=\"og:image:type\" content=\"image\/png\" \/>\n<meta name=\"twitter:card\" content=\"summary_large_image\" \/>\n<meta name=\"twitter:site\" content=\"@commonspolis\" \/>\n<meta name=\"twitter:label1\" content=\"Dur\u00e9e de lecture estim\u00e9e\" \/>\n\t<meta name=\"twitter:data1\" content=\"2 minutes\" \/>\n<script type=\"application\/ld+json\" class=\"yoast-schema-graph\">{\"@context\":\"https:\/\/schema.org\",\"@graph\":[{\"@type\":\"WebPage\",\"@id\":\"https:\/\/commonspolis.org\/fr\/le-bureau-de-commonspolis\/\",\"url\":\"https:\/\/commonspolis.org\/fr\/le-bureau-de-commonspolis\/\",\"name\":\"Le Bureau de Commonspolis &#8902; Commonspolis\",\"isPartOf\":{\"@id\":\"https:\/\/commonspolis.org\/fr\/#website\"},\"primaryImageOfPage\":{\"@id\":\"https:\/\/commonspolis.org\/fr\/le-bureau-de-commonspolis\/#primaryimage\"},\"image\":{\"@id\":\"https:\/\/commonspolis.org\/fr\/le-bureau-de-commonspolis\/#primaryimage\"},\"thumbnailUrl\":\"https:\/\/commonspolis.org\/wp-content\/uploads\/2018\/12\/default_commons-2.png\",\"datePublished\":\"2019-01-09T13:49:28+00:00\",\"dateModified\":\"2019-01-15T12:37:52+00:00\",\"description\":\"Pr\u00e9sident de la CEAGA, coop\u00e9rative agricole et de tourisme rural. Agriculteur, il favorise la r\u00e9cup\u00e9ration des vari\u00e9t\u00e9s locales et des mod\u00e8les de\",\"breadcrumb\":{\"@id\":\"https:\/\/commonspolis.org\/fr\/le-bureau-de-commonspolis\/#breadcrumb\"},\"inLanguage\":\"fr-FR\",\"potentialAction\":[{\"@type\":\"ReadAction\",\"target\":[\"https:\/\/commonspolis.org\/fr\/le-bureau-de-commonspolis\/\"]}]},{\"@type\":\"ImageObject\",\"inLanguage\":\"fr-FR\",\"@id\":\"https:\/\/commonspolis.org\/fr\/le-bureau-de-commonspolis\/#primaryimage\",\"url\":\"https:\/\/commonspolis.org\/wp-content\/uploads\/2018\/12\/default_commons-2.png\",\"contentUrl\":\"https:\/\/commonspolis.org\/wp-content\/uploads\/2018\/12\/default_commons-2.png\",\"width\":1600,\"height\":947},{\"@type\":\"BreadcrumbList\",\"@id\":\"https:\/\/commonspolis.org\/fr\/le-bureau-de-commonspolis\/#breadcrumb\",\"itemListElement\":[{\"@type\":\"ListItem\",\"position\":1,\"name\":\"Portada\",\"item\":\"https:\/\/commonspolis.org\/fr\/pagina-ejemplo\/\"},{\"@type\":\"ListItem\",\"position\":2,\"name\":\"Le Bureau de Commonspolis\"}]},{\"@type\":\"WebSite\",\"@id\":\"https:\/\/commonspolis.org\/fr\/#website\",\"url\":\"https:\/\/commonspolis.org\/fr\/\",\"name\":\"Commonspolis\",\"description\":\"Tisser des r\u00e9seaux et des cultures citoyennes pour le changement \",\"publisher\":{\"@id\":\"https:\/\/commonspolis.org\/fr\/#organization\"},\"potentialAction\":[{\"@type\":\"SearchAction\",\"target\":{\"@type\":\"EntryPoint\",\"urlTemplate\":\"https:\/\/commonspolis.org\/fr\/?s={search_term_string}\"},\"query-input\":{\"@type\":\"PropertyValueSpecification\",\"valueRequired\":true,\"valueName\":\"search_term_string\"}}],\"inLanguage\":\"fr-FR\"},{\"@type\":\"Organization\",\"@id\":\"https:\/\/commonspolis.org\/fr\/#organization\",\"name\":\"CommonsPolis\",\"url\":\"https:\/\/commonspolis.org\/fr\/\",\"logo\":{\"@type\":\"ImageObject\",\"inLanguage\":\"fr-FR\",\"@id\":\"https:\/\/commonspolis.org\/fr\/#\/schema\/logo\/image\/\",\"url\":\"https:\/\/commonspolis.org\/wp-content\/uploads\/2019\/01\/Logo_commonspolis_1200x628.png\",\"contentUrl\":\"https:\/\/commonspolis.org\/wp-content\/uploads\/2019\/01\/Logo_commonspolis_1200x628.png\",\"width\":1200,\"height\":628,\"caption\":\"CommonsPolis\"},\"image\":{\"@id\":\"https:\/\/commonspolis.org\/fr\/#\/schema\/logo\/image\/\"},\"sameAs\":[\"https:\/\/www.facebook.com\/commonspolis\/\",\"https:\/\/x.com\/commonspolis\"]}]}<\/script>\n<!-- \/ Yoast SEO plugin. -->","yoast_head_json":{"title":"Le Bureau de Commonspolis &#8902; Commonspolis","description":"Pr\u00e9sident de la CEAGA, coop\u00e9rative agricole et de tourisme rural. Agriculteur, il favorise la r\u00e9cup\u00e9ration des vari\u00e9t\u00e9s locales et des mod\u00e8les de","robots":{"index":"index","follow":"follow","max-snippet":"max-snippet:-1","max-image-preview":"max-image-preview:large","max-video-preview":"max-video-preview:-1"},"canonical":"https:\/\/commonspolis.org\/fr\/le-bureau-de-commonspolis\/","og_locale":"fr_FR","og_type":"article","og_title":"Le Bureau de Commonspolis &#8902; Commonspolis","og_description":"Pr\u00e9sident de la CEAGA, coop\u00e9rative agricole et de tourisme rural. Agriculteur, il favorise la r\u00e9cup\u00e9ration des vari\u00e9t\u00e9s locales et des mod\u00e8les de","og_url":"https:\/\/commonspolis.org\/fr\/le-bureau-de-commonspolis\/","og_site_name":"Commonspolis","article_publisher":"https:\/\/www.facebook.com\/commonspolis\/","article_modified_time":"2019-01-15T12:37:52+00:00","og_image":[{"width":1600,"height":947,"url":"https:\/\/commonspolis.org\/wp-content\/uploads\/2018\/12\/default_commons-2.png","type":"image\/png"}],"twitter_card":"summary_large_image","twitter_site":"@commonspolis","twitter_misc":{"Dur\u00e9e de lecture estim\u00e9e":"2 minutes"},"schema":{"@context":"https:\/\/schema.org","@graph":[{"@type":"WebPage","@id":"https:\/\/commonspolis.org\/fr\/le-bureau-de-commonspolis\/","url":"https:\/\/commonspolis.org\/fr\/le-bureau-de-commonspolis\/","name":"Le Bureau de Commonspolis &#8902; Commonspolis","isPartOf":{"@id":"https:\/\/commonspolis.org\/fr\/#website"},"primaryImageOfPage":{"@id":"https:\/\/commonspolis.org\/fr\/le-bureau-de-commonspolis\/#primaryimage"},"image":{"@id":"https:\/\/commonspolis.org\/fr\/le-bureau-de-commonspolis\/#primaryimage"},"thumbnailUrl":"https:\/\/commonspolis.org\/wp-content\/uploads\/2018\/12\/default_commons-2.png","datePublished":"2019-01-09T13:49:28+00:00","dateModified":"2019-01-15T12:37:52+00:00","description":"Pr\u00e9sident de la CEAGA, coop\u00e9rative agricole et de tourisme rural. Agriculteur, il favorise la r\u00e9cup\u00e9ration des vari\u00e9t\u00e9s locales et des mod\u00e8les de","breadcrumb":{"@id":"https:\/\/commonspolis.org\/fr\/le-bureau-de-commonspolis\/#breadcrumb"},"inLanguage":"fr-FR","potentialAction":[{"@type":"ReadAction","target":["https:\/\/commonspolis.org\/fr\/le-bureau-de-commonspolis\/"]}]},{"@type":"ImageObject","inLanguage":"fr-FR","@id":"https:\/\/commonspolis.org\/fr\/le-bureau-de-commonspolis\/#primaryimage","url":"https:\/\/commonspolis.org\/wp-content\/uploads\/2018\/12\/default_commons-2.png","contentUrl":"https:\/\/commonspolis.org\/wp-content\/uploads\/2018\/12\/default_commons-2.png","width":1600,"height":947},{"@type":"BreadcrumbList","@id":"https:\/\/commonspolis.org\/fr\/le-bureau-de-commonspolis\/#breadcrumb","itemListElement":[{"@type":"ListItem","position":1,"name":"Portada","item":"https:\/\/commonspolis.org\/fr\/pagina-ejemplo\/"},{"@type":"ListItem","position":2,"name":"Le Bureau de Commonspolis"}]},{"@type":"WebSite","@id":"https:\/\/commonspolis.org\/fr\/#website","url":"https:\/\/commonspolis.org\/fr\/","name":"Commonspolis","description":"Tisser des r\u00e9seaux et des cultures citoyennes pour le changement ","publisher":{"@id":"https:\/\/commonspolis.org\/fr\/#organization"},"potentialAction":[{"@type":"SearchAction","target":{"@type":"EntryPoint","urlTemplate":"https:\/\/commonspolis.org\/fr\/?s={search_term_string}"},"query-input":{"@type":"PropertyValueSpecification","valueRequired":true,"valueName":"search_term_string"}}],"inLanguage":"fr-FR"},{"@type":"Organization","@id":"https:\/\/commonspolis.org\/fr\/#organization","name":"CommonsPolis","url":"https:\/\/commonspolis.org\/fr\/","logo":{"@type":"ImageObject","inLanguage":"fr-FR","@id":"https:\/\/commonspolis.org\/fr\/#\/schema\/logo\/image\/","url":"https:\/\/commonspolis.org\/wp-content\/uploads\/2019\/01\/Logo_commonspolis_1200x628.png","contentUrl":"https:\/\/commonspolis.org\/wp-content\/uploads\/2019\/01\/Logo_commonspolis_1200x628.png","width":1200,"height":628,"caption":"CommonsPolis"},"image":{"@id":"https:\/\/commonspolis.org\/fr\/#\/schema\/logo\/image\/"},"sameAs":["https:\/\/www.facebook.com\/commonspolis\/","https:\/\/x.com\/commonspolis"]}]}},"_links":{"self":[{"href":"https:\/\/commonspolis.org\/fr\/wp-json\/wp\/v2\/pages\/1991"}],"collection":[{"href":"https:\/\/commonspolis.org\/fr\/wp-json\/wp\/v2\/pages"}],"about":[{"href":"https:\/\/commonspolis.org\/fr\/wp-json\/wp\/v2\/types\/page"}],"author":[{"embeddable":true,"href":"https:\/\/commonspolis.org\/fr\/wp-json\/wp\/v2\/users\/2"}],"replies":[{"embeddable":true,"href":"https:\/\/commonspolis.org\/fr\/wp-json\/wp\/v2\/comments?post=1991"}],"version-history":[{"count":0,"href":"https:\/\/commonspolis.org\/fr\/wp-json\/wp\/v2\/pages\/1991\/revisions"}],"wp:featuredmedia":[{"embeddable":true,"href":"https:\/\/commonspolis.org\/fr\/wp-json\/wp\/v2\/media\/1234"}],"wp:attachment":[{"href":"https:\/\/commonspolis.org\/fr\/wp-json\/wp\/v2\/media?parent=1991"}],"curies":[{"name":"wp","href":"https:\/\/api.w.org\/{rel}","templated":true}]}}